{"id":2,"date":"2011-02-13T10:18:22","date_gmt":"2011-02-13T10:18:22","guid":{"rendered":"http:\/\/www.tripleluna.es\/wordpress\/?page_id=2"},"modified":"2015-05-18T11:55:03","modified_gmt":"2015-05-18T11:55:03","slug":"acerca-de","status":"publish","type":"page","link":"https:\/\/www.tripleluna.es\/wordpress\/acerca-de\/","title":{"rendered":"Acerca de"},"content":{"rendered":"<p>Si deseas contactar con Alma, puedes llamarla a los siguientes n\u00fameros de tel\u00e9fono, estar\u00e1 encantada de poder ayudarte:<\/p>\n<h2>91 032 67 27 Pago de consulta de Videncia mediante VISA, Mastercard<\/h2>\n<h2>806 408 599 Consulta de Videncia mediante 806<\/h2>\n<h2>637 334 179 Reserva de citas e informaci\u00f3n<\/h2>\n<h2>666 979 967 Reserva de citas e informaci\u00f3n<\/h2>\n","protected":false},"excerpt":{"rendered":"<p>Si deseas contactar con Alma, puedes llamarla a los siguientes n\u00fameros de tel\u00e9fono, estar\u00e1 encantada de poder ayudarte: 91 032 67 27 Pago de consulta de Videncia mediante VISA, Mastercard 806 408 599 Consulta de Videncia mediante 806 637 334 179 Reserva de citas e informaci\u00f3n 666 979 967 Reserva de citas e informaci\u00f3n<\/p>\n","protected":false},"author":1,"featured_media":0,"parent":0,"menu_order":0,"comment_status":"open","ping_status":"closed","template":"","meta":{"footnotes":""},"class_list":["post-2","page","type-page","status-publish","hentry"],"_links":{"self":[{"href":"https:\/\/www.tripleluna.es\/wordpress\/wp-json\/wp\/v2\/pages\/2","targetHints":{"allow":["GET"]}}],"collection":[{"href":"https:\/\/www.tripleluna.es\/wordpress\/wp-json\/wp\/v2\/pages"}],"about":[{"href":"https:\/\/www.tripleluna.es\/wordpress\/wp-json\/wp\/v2\/types\/page"}],"author":[{"embeddable":true,"href":"https:\/\/www.tripleluna.es\/wordpress\/wp-json\/wp\/v2\/users\/1"}],"replies":[{"embeddable":true,"href":"https:\/\/www.tripleluna.es\/wordpress\/wp-json\/wp\/v2\/comments?post=2"}],"version-history":[{"count":3,"href":"https:\/\/www.tripleluna.es\/wordpress\/wp-json\/wp\/v2\/pages\/2\/revisions"}],"predecessor-version":[{"id":201,"href":"https:\/\/www.tripleluna.es\/wordpress\/wp-json\/wp\/v2\/pages\/2\/revisions\/201"}],"wp:attachment":[{"href":"https:\/\/www.tripleluna.es\/wordpress\/wp-json\/wp\/v2\/media?parent=2"}],"curies":[{"name":"wp","href":"https:\/\/api.w.org\/{rel}","templated":true}]}}